{"id":7751,"date":"2019-09-06T13:16:30","date_gmt":"2019-09-06T13:16:30","guid":{"rendered":"https:\/\/winesapiens.com\/pongase-en-contacto\/"},"modified":"2023-09-19T11:43:45","modified_gmt":"2023-09-19T11:43:45","slug":"pongase-en-contacto","status":"publish","type":"page","link":"https:\/\/winesapiens.com\/es\/pongase-en-contacto\/","title":{"rendered":"Contactar"},"content":{"rendered":"<p>[vc_row css=\u00bb.vc_custom_1659627790995{background-image: url(https:\/\/winesapiens.com\/wp-content\/uploads\/2022\/03\/SLIDERS-WINE-SAPIENS.png?id=4732) !important;}\u00bb][vc_column width=\u00bb1\/4&#8243;][\/vc_column][vc_column width=\u00bb1\/2&#8243; css=\u00bb.vc_custom_1669464783387{background-image: url(https:\/\/winesapiens.com\/wp-content\/uploads\/2022\/09\/IMAGE-FOOTER-2.png?id=6179) !important;background-position: center !important;background-repeat: no-repeat !important;background-size: contain !important;}\u00bb offset=\u00bbvc_hidden-xs\u00bb][vc_empty_space height=\u00bb35px\u00bb][vc_column_text]<\/p>\n<h3 style=\"text-align: center;\"><span style=\"color: #333333;\"><b>\u00bfListo para convertir su b\u00fasqueda de vinos en una aventura sin problemas? <\/b><\/span><\/h3>\n<h3 style=\"text-align: center;\"><span style=\"font-weight: 400; color: #333333;\">Reserve una llamada Zoom gratuita con su Wine Treasure Hunter personal en vi\u00f1edos ecol\u00f3gicos espa\u00f1oles: <\/span><\/h3>\n<p>[\/vc_column_text][vc_row_inner content_text_alignment=\u00bbcenter\u00bb][vc_column_inner width=\u00bb1\/6&#8243;][\/vc_column_inner][vc_column_inner width=\u00bb2\/3&#8243;][vc_empty_space height=\u00bb42px\u00bb]<a class=\"qodef-shortcode qodef-m  qodef-button qodef-layout--filled  qodef-html--link\" href=\"https:\/\/calendly.com\/winesapiens\/wine-sapiens-discovery-call\" target=\"_blank\" data-hover-background-color=\"rgba(79,46,58,0.83)\" style=\"background-color: rgba(132,15,70,0.73)\"><span class=\"qodef-m-text\">Llamada de descubrimiento<\/span><\/a>[\/vc_column_inner][vc_column_inner width=\u00bb1\/6&#8243;][\/vc_column_inner][\/vc_row_inner][vc_empty_space height=\u00bb45px\u00bb]<div class=\"qodef-shortcode qodef-m  qodef-section-title qodef-alignment--left \">\n\t\t<h3 class=\"qodef-m-title\" >\n\t\t<strong>O, si lo prefieres, rellena el siguiente formulario y me pondr\u00e9 en contacto contigo muy pronto:\t\t<\/h3>\n\t\t<\/div>[vc_empty_space height=\u00bb35px\u00bb][vc_empty_space height=\u00bb10px\u00bb][vc_row_inner][vc_column_inner][vc_raw_html]JTVCd3Bmb3JtcyUyMGlkJTNEJTIyNzgwOSUyMiU1RA==[\/vc_raw_html][\/vc_column_inner][\/vc_row_inner][vc_empty_space][\/vc_column][vc_column width=\u00bb1\/4&#8243;][\/vc_column][\/vc_row][vc_row css=\u00bb.vc_custom_1659627790995{background-image: url(https:\/\/winesapiens.com\/wp-content\/uploads\/2022\/03\/SLIDERS-WINE-SAPIENS.png?id=4732) !important;}\u00bb][vc_column width=\u00bb1\/4&#8243;][\/vc_column][vc_column width=\u00bb1\/2&#8243; css=\u00bb.vc_custom_1669464826586{background-image: url(https:\/\/winesapiens.com\/wp-content\/uploads\/2022\/09\/IMAGE-FOOTER-2.png?id=6179) !important;background-position: center !important;background-repeat: no-repeat !important;background-size: contain !important;}\u00bb offset=\u00bbvc_hidden-lg vc_hidden-md vc_hidden-sm\u00bb][vc_column_text css=\u00bb.vc_custom_1669465061620{margin-top: -60px !important;padding-top: -30px !important;}\u00bb]<\/strong><\/p>\n<h2 style=\"text-align: center;\"><strong><span style=\"color: #764735;\">Ponte en contacto<\/span><\/strong><\/h2>\n<p>[\/vc_column_text][vc_empty_space height=\u00bb35px\u00bb][vc_column_text css=\u00bb.vc_custom_1669464868129{padding-right: 40px !important;padding-left: 40px !important;}\u00bb]<\/p>\n<h3 style=\"text-align: center;\"><span style=\"color: #333333;\"><b>\u00bfListo para convertir su b\u00fasqueda de vinos en una aventura sin problemas? <\/b><\/span><\/h3>\n<h3 style=\"text-align: center;\"><span style=\"font-weight: 400; color: #333333;\">Reserve una llamada Zoom gratuita con su Wine Treasure Hunter personal en vi\u00f1edos ecol\u00f3gicos espa\u00f1oles: <\/span><\/h3>\n<p>[\/vc_column_text][vc_row_inner content_text_alignment=\u00bbcenter\u00bb][vc_column_inner width=\u00bb1\/6&#8243;][\/vc_column_inner][vc_column_inner width=\u00bb2\/3&#8243;][vc_empty_space height=\u00bb42px\u00bb]<a class=\"qodef-shortcode qodef-m  qodef-button qodef-layout--filled qodef-size--small qodef-html--link\" href=\"https:\/\/calendly.com\/winesapiens\/wine-sapiens-discovery-call\" target=\"_blank\" data-hover-background-color=\"rgba(79,46,58,0.83)\" style=\"background-color: rgba(132,15,70,0.73);font-size: 12px\"><span class=\"qodef-m-text\">Llamada de descubrimiento<\/span><\/a>[\/vc_column_inner][vc_column_inner width=\u00bb1\/6&#8243;][\/vc_column_inner][\/vc_row_inner][vc_empty_space height=\u00bb75px\u00bb][vc_column_text]<\/p>\n<h3 style=\"text-align: center;\">O, si lo prefiere, rellene el siguiente formulario y me pondr\u00e9 en contacto con usted muy pronto:<\/h3>\n<p>[\/vc_column_text][vc_empty_space height=\u00bb35px\u00bb][vc_empty_space height=\u00bb10px\u00bb][vc_row_inner][vc_column_inner][vc_raw_html]JTVCd3Bmb3JtcyUyMGlkJTNEJTIyNzgwOSUyMiU1RA==[\/vc_raw_html][\/vc_column_inner][\/vc_row_inner][vc_empty_space][\/vc_column][vc_column width=\u00bb1\/4&#8243;][\/vc_column][\/vc_row][vc_row row_content_width=\u00bbgrid\u00bb][vc_column width=\u00bb1\/6&#8243;][\/vc_column][vc_column width=\u00bb2\/3&#8243; offset=\u00bbvc_hidden-xs\u00bb][vc_empty_space height=\u00bb92px\u00bb][vc_column_text css=\u00bb.vc_custom_1663688452504{margin-right: 60px !important;margin-left: 60px !important;}\u00bb]<\/p>\n<h3 style=\"text-align: center;\"><span style=\"color: #333333;\"><b>Si est\u00e1s listo para llevar tu negocio a un nuevo nivel de R-evoluci\u00f3n, \u00a1no puedo esperar para empezar a trabajar contigo!<\/b><\/span><\/h3>\n<p>[\/vc_column_text][vc_empty_space height=\u00bb62px\u00bb][\/vc_column][vc_column width=\u00bb1\/6&#8243;][\/vc_column][\/vc_row][vc_row row_content_width=\u00bbgrid\u00bb][vc_column width=\u00bb1\/6&#8243;][\/vc_column][vc_column width=\u00bb2\/3&#8243; offset=\u00bbvc_hidden-lg vc_hidden-md vc_hidden-sm vc_hidden-xs\u00bb][vc_empty_space height=\u00bb92px\u00bb][vc_column_text]<\/p>\n<h3 style=\"text-align: center;\"><span style=\"color: #333333;\"><b>Si est\u00e1s listo para llevar tu negocio a un nuevo nivel de R-evoluci\u00f3n, \u00a1no puedo esperar para empezar a trabajar contigo!<\/b><\/span><\/h3>\n<p>[\/vc_column_text][vc_empty_space height=\u00bb62px\u00bb][\/vc_column][vc_column width=\u00bb1\/6&#8243;][\/vc_column][\/vc_row][vc_row css=\u00bb.vc_custom_1663688412341{margin-left: 30px !important;}\u00bb][vc_column width=\u00bb1\/4&#8243;][\/vc_column][vc_column width=\u00bb1\/4&#8243; offset=\u00bbvc_hidden-xs\u00bb][vc_single_image image=\u00bb6423&#8243; img_size=\u00bblarge\u00bb alignment=\u00bbright\u00bb][vc_empty_space height=\u00bb92px\u00bb][\/vc_column][vc_column width=\u00bb1\/4&#8243; css=\u00bb.vc_custom_1669465487099{margin-left: 20px !important;}\u00bb offset=\u00bbvc_hidden-xs\u00bb][vc_empty_space height=\u00bb40px\u00bb][vc_empty_space height=\u00bb30px\u00bb]<div class=\"qodef-shortcode qodef-m  qodef-section-title qodef-alignment--left \">\n\t\t<h5 class=\"qodef-m-title\" style=\"color: #4f2e3a\">\n\t\tKristina Petraviciute\t\t<\/h5>\n\t\t<\/div>[vc_empty_space height=\u00bb22px\u00bb]<div class=\"qodef-shortcode qodef-m  qodef-icon-with-text qodef-layout--before-content qodef--icon-pack\">\n\t<div class=\"qodef-m-icon-wrapper\">\n\t\t<span class=\"qodef-shortcode qodef-m  qodef-icon-holder qodef-size--default qodef-layout--normal\"  style=\"color: #c8693a\">\t    <span class=\"qodef-icon-linea-icons icon-basic-geolocalize-05 qodef-icon qodef-e\" style=\"font-size:21px\" ><\/span>    <\/span>\t<\/div>\n\t<div class=\"qodef-m-content\">\n\t\t\t\t\t\t<p class=\"qodef-m-text\" style=\"margin-top: -2px;color: #817c7b\">Barcelona, Espa\u00f1a y viajar por todo el mundo<\/p>\n\t\t<\/div>\n<\/div>[vc_empty_space height=\u00bb10px\u00bb]<div class=\"qodef-shortcode qodef-m  qodef-icon-with-text qodef-layout--before-content qodef--icon-pack\">\n\t<div class=\"qodef-m-icon-wrapper\">\n\t\t<span class=\"qodef-shortcode qodef-m  qodef-icon-holder qodef-size--default qodef-layout--normal\"  style=\"color: #c8693a\">\t\t\t<a itemprop=\"url\" href=\"mailto:kristina@winesapiens.com\" target=\"_blank\">        <span class=\"qodef-icon-linea-icons icon-basic-mail qodef-icon qodef-e\" style=\"font-size:21px\" ><\/span>            <\/a>\t<\/span>\t<\/div>\n\t<div class=\"qodef-m-content\">\n\t\t\t\t\t\t\t<a itemprop=\"url\" href=\"mailto:kristina@winesapiens.com\" target=\"_blank\">\n\t\t<p class=\"qodef-m-text\" style=\"margin-top: -2px;color: #817c7b\">kristina@winesapiens.com<\/p>\n\t\t\t<\/a>\n\t\t<\/div>\n<\/div>[vc_empty_space height=\u00bb10px\u00bb]<div class=\"qodef-shortcode qodef-m  qodef-icon-with-text qodef-layout--before-content qodef--icon-pack\">\n\t<div class=\"qodef-m-icon-wrapper\">\n\t\t<span class=\"qodef-shortcode qodef-m  qodef-icon-holder qodef-size--default qodef-layout--normal\"  style=\"color: #c8693a\">\t\t\t<a itemprop=\"url\" href=\"tel:644391989\" target=\"\">        <span class=\"qodef-icon-linea-icons icon-basic-smartphone qodef-icon qodef-e\" style=\"font-size:21px\" ><\/span>            <\/a>\t<\/span>\t<\/div>\n\t<div class=\"qodef-m-content\">\n\t\t\t\t\t\t\t<a itemprop=\"url\" href=\"tel:644391989\" target=\"\">\n\t\t<p class=\"qodef-m-text\" style=\"margin-top: -2px;color: #817c7b\">+(34) 644 391 989<\/p>\n\t\t\t<\/a>\n\t\t<\/div>\n<\/div>[vc_empty_space height=\u00bb90px\u00bb][\/vc_column][vc_column width=\u00bb1\/4&#8243;][\/vc_column][\/vc_row][vc_row css=\u00bb.vc_custom_1663688412341{margin-left: 30px !important;}\u00bb][vc_column width=\u00bb1\/4&#8243;][\/vc_column][vc_column width=\u00bb1\/2&#8243; offset=\u00bbvc_hidden-lg vc_hidden-md vc_hidden-sm\u00bb][vc_single_image image=\u00bb6423&#8243; img_size=\u00bbmedium\u00bb alignment=\u00bbcenter\u00bb css=\u00bb.vc_custom_1669465687921{margin-left: -40px !important;}\u00bb][vc_empty_space height=\u00bb42px\u00bb]<div class=\"qodef-shortcode qodef-m  qodef-section-title qodef-alignment--left \">\n\t\t<h5 class=\"qodef-m-title\" style=\"color: #4f2e3a\">\n\t\tKristina Petraviciute\t\t<\/h5>\n\t\t<\/div>[vc_empty_space height=\u00bb22px\u00bb]<div class=\"qodef-shortcode qodef-m  qodef-icon-with-text qodef-layout--before-content qodef--icon-pack\">\n\t<div class=\"qodef-m-icon-wrapper\">\n\t\t<span class=\"qodef-shortcode qodef-m  qodef-icon-holder qodef-size--default qodef-layout--normal\"  style=\"color: #c8693a\">\t    <span class=\"qodef-icon-linea-icons icon-basic-geolocalize-05 qodef-icon qodef-e\" style=\"font-size:21px\" ><\/span>    <\/span>\t<\/div>\n\t<div class=\"qodef-m-content\">\n\t\t\t\t\t\t<p class=\"qodef-m-text\" style=\"margin-top: -2px;color: #817c7b\">Barcelona, Spain &amp; traveling all over<\/p>\n\t\t<\/div>\n<\/div>[vc_empty_space height=\u00bb10px\u00bb]<div class=\"qodef-shortcode qodef-m  qodef-icon-with-text qodef-layout--before-content qodef--icon-pack\">\n\t<div class=\"qodef-m-icon-wrapper\">\n\t\t<span class=\"qodef-shortcode qodef-m  qodef-icon-holder qodef-size--default qodef-layout--normal\"  style=\"color: #c8693a\">\t\t\t<a itemprop=\"url\" href=\"mailto:kristina@winesapiens.com\" target=\"_blank\">        <span class=\"qodef-icon-linea-icons icon-basic-mail qodef-icon qodef-e\" style=\"font-size:21px\" ><\/span>            <\/a>\t<\/span>\t<\/div>\n\t<div class=\"qodef-m-content\">\n\t\t\t\t\t\t\t<a itemprop=\"url\" href=\"mailto:kristina@winesapiens.com\" target=\"_blank\">\n\t\t<p class=\"qodef-m-text\" style=\"margin-top: -2px;color: #817c7b\">kristina@winesapiens.com<\/p>\n\t\t\t<\/a>\n\t\t<\/div>\n<\/div>[vc_empty_space height=\u00bb10px\u00bb]<div class=\"qodef-shortcode qodef-m  qodef-icon-with-text qodef-layout--before-content qodef--icon-pack\">\n\t<div class=\"qodef-m-icon-wrapper\">\n\t\t<span class=\"qodef-shortcode qodef-m  qodef-icon-holder qodef-size--default qodef-layout--normal\"  style=\"color: #c8693a\">\t    <span class=\"qodef-icon-linea-icons icon-basic-smartphone qodef-icon qodef-e\" style=\"font-size:21px\" ><\/span>    <\/span>\t<\/div>\n\t<div class=\"qodef-m-content\">\n\t\t\t\t\t\t<p class=\"qodef-m-text\" style=\"margin-top: -2px;color: #817c7b\">+(34) 644 391 989<\/p>\n\t\t<\/div>\n<\/div>[vc_empty_space height=\u00bb90px\u00bb][\/vc_column][vc_column width=\u00bb1\/4&#8243; css=\u00bb.vc_custom_1669465506480{margin-left: 20px !important;}\u00bb offset=\u00bbvc_hidden-lg vc_hidden-md vc_hidden-sm\u00bb][\/vc_column][\/vc_row]<\/p>\n","protected":false},"excerpt":{"rendered":"<p>[vc_row css=\u00bb.vc_custom_1659627790995{background-image: url(https:\/\/winesapiens.com\/wp-content\/uploads\/2022\/03\/SLIDERS-WINE-SAPIENS.png?id=4732) !important;}\u00bb][vc_column width=\u00bb1\/4&#8243;][\/vc_column][vc_column width=\u00bb1\/2&#8243; css=\u00bb.vc_custom_1669464783387{background-image: url(https:\/\/winesapiens.com\/wp-content\/uploads\/2022\/09\/IMAGE-FOOTER-2.png?id=6179) !important;background-position: center !important;background-repeat: no-repeat !important;background-size: contain !important;}\u00bb offset=\u00bbvc_hidden-xs\u00bb][vc_empty_space height=\u00bb35px\u00bb][vc_column_text] \u00bfListo para convertir su b\u00fasqueda de vinos en una aventura sin problemas? Reserve una llamada Zoom gratuita con su Wine Treasure Hunter personal en vi\u00f1edos ecol\u00f3gicos espa\u00f1oles: [\/vc_column_text][vc_row_inner content_text_alignment=\u00bbcenter\u00bb][vc_column_inner width=\u00bb1\/6&#8243;][\/vc_column_inner][vc_column_inner width=\u00bb2\/3&#8243;][vc_empty_space height=\u00bb42px\u00bb][\/vc_column_inner][vc_column_inner width=\u00bb1\/6&#8243;][\/vc_column_inner][\/vc_row_inner][vc_empty_space height=\u00bb45px\u00bb][vc_empty_space height=\u00bb35px\u00bb][vc_empty_space height=\u00bb10px\u00bb][vc_row_inner][vc_column_inner][vc_raw_html]JTVCd3Bmb3JtcyUyMGlkJTNEJTIyNzgwOSUyMiU1RA==[\/vc_raw_html][\/vc_column_inner][\/vc_row_inner][vc_empty_space][\/vc_column][vc_column width=\u00bb1\/4&#8243;][\/vc_column][\/vc_row][vc_row css=\u00bb.vc_custom_1659627790995{background-image: [&hellip;]<\/p>\n","protected":false},"author":1,"featured_media":0,"parent":0,"menu_order":0,"comment_status":"closed","ping_status":"closed","template":"page-full-width.php","meta":{"footnotes":""},"class_list":["post-7751","page","type-page","status-publish","hentry"],"yoast_head":"<!-- This site is optimized with the Yoast SEO plugin v16.3 - https:\/\/yoast.com\/wordpress\/plugins\/seo\/ -->\n<title>Contactar - Wine Sapiens<\/title>\n<meta name=\"robots\" content=\"index, follow, max-snippet:-1, max-image-preview:large, max-video-preview:-1\" \/>\n<link rel=\"canonical\" href=\"https:\/\/winesapiens.com\/es\/pongase-en-contacto\/\" \/>\n<meta property=\"og:locale\" content=\"es_ES\" \/>\n<meta property=\"og:type\" content=\"article\" \/>\n<meta property=\"og:title\" content=\"Contactar - Wine Sapiens\" \/>\n<meta property=\"og:description\" content=\"[vc_row css=\u00bb.vc_custom_1659627790995{background-image: url(https:\/\/winesapiens.com\/wp-content\/uploads\/2022\/03\/SLIDERS-WINE-SAPIENS.png?id=4732) !important;}\u00bb][vc_column width=\u00bb1\/4&#8243;][\/vc_column][vc_column width=\u00bb1\/2&#8243; css=\u00bb.vc_custom_1669464783387{background-image: url(https:\/\/winesapiens.com\/wp-content\/uploads\/2022\/09\/IMAGE-FOOTER-2.png?id=6179) !important;background-position: center !important;background-repeat: no-repeat !important;background-size: contain !important;}\u00bb offset=\u00bbvc_hidden-xs\u00bb][vc_empty_space height=\u00bb35px\u00bb][vc_column_text] \u00bfListo para convertir su b\u00fasqueda de vinos en una aventura sin problemas? Reserve una llamada Zoom gratuita con su Wine Treasure Hunter personal en vi\u00f1edos ecol\u00f3gicos espa\u00f1oles: [\/vc_column_text][vc_row_inner content_text_alignment=\u00bbcenter\u00bb][vc_column_inner width=\u00bb1\/6&#8243;][\/vc_column_inner][vc_column_inner width=\u00bb2\/3&#8243;][vc_empty_space height=\u00bb42px\u00bb][\/vc_column_inner][vc_column_inner width=\u00bb1\/6&#8243;][\/vc_column_inner][\/vc_row_inner][vc_empty_space height=\u00bb45px\u00bb][vc_empty_space height=\u00bb35px\u00bb][vc_empty_space height=\u00bb10px\u00bb][vc_row_inner][vc_column_inner][vc_raw_html]JTVCd3Bmb3JtcyUyMGlkJTNEJTIyNzgwOSUyMiU1RA==[\/vc_raw_html][\/vc_column_inner][\/vc_row_inner][vc_empty_space][\/vc_column][vc_column width=\u00bb1\/4&#8243;][\/vc_column][\/vc_row][vc_row css=\u00bb.vc_custom_1659627790995{background-image: [&hellip;]\" \/>\n<meta property=\"og:url\" content=\"https:\/\/winesapiens.com\/es\/pongase-en-contacto\/\" \/>\n<meta property=\"og:site_name\" content=\"Wine Sapiens\" \/>\n<meta property=\"article:modified_time\" content=\"2023-09-19T11:43:45+00:00\" \/>\n<meta name=\"twitter:card\" content=\"summary_large_image\" \/>\n<meta name=\"twitter:label1\" content=\"Tiempo de lectura\">\n\t<meta name=\"twitter:data1\" content=\"6 minutos\">\n<script type=\"application\/ld+json\" class=\"yoast-schema-graph\">{\"@context\":\"https:\/\/schema.org\",\"@graph\":[{\"@type\":\"WebSite\",\"@id\":\"https:\/\/winesapiens.com\/es\/#website\",\"url\":\"https:\/\/winesapiens.com\/es\/\",\"name\":\"Wine Sapiens\",\"description\":\"Helping importers find Spanish organic wines\",\"potentialAction\":[{\"@type\":\"SearchAction\",\"target\":\"https:\/\/winesapiens.com\/es\/?s={search_term_string}\",\"query-input\":\"required name=search_term_string\"}],\"inLanguage\":\"es\"},{\"@type\":\"WebPage\",\"@id\":\"https:\/\/winesapiens.com\/es\/pongase-en-contacto\/#webpage\",\"url\":\"https:\/\/winesapiens.com\/es\/pongase-en-contacto\/\",\"name\":\"Contactar - Wine Sapiens\",\"isPartOf\":{\"@id\":\"https:\/\/winesapiens.com\/es\/#website\"},\"datePublished\":\"2019-09-06T13:16:30+00:00\",\"dateModified\":\"2023-09-19T11:43:45+00:00\",\"breadcrumb\":{\"@id\":\"https:\/\/winesapiens.com\/es\/pongase-en-contacto\/#breadcrumb\"},\"inLanguage\":\"es\",\"potentialAction\":[{\"@type\":\"ReadAction\",\"target\":[\"https:\/\/winesapiens.com\/es\/pongase-en-contacto\/\"]}]},{\"@type\":\"BreadcrumbList\",\"@id\":\"https:\/\/winesapiens.com\/es\/pongase-en-contacto\/#breadcrumb\",\"itemListElement\":[{\"@type\":\"ListItem\",\"position\":1,\"item\":{\"@type\":\"WebPage\",\"@id\":\"https:\/\/winesapiens.com\/es\/\",\"url\":\"https:\/\/winesapiens.com\/es\/\",\"name\":\"Home\"}},{\"@type\":\"ListItem\",\"position\":2,\"item\":{\"@id\":\"https:\/\/winesapiens.com\/es\/pongase-en-contacto\/#webpage\"}}]}]}<\/script>\n<!-- \/ Yoast SEO plugin. -->","_links":{"self":[{"href":"https:\/\/winesapiens.com\/es\/wp-json\/wp\/v2\/pages\/7751","targetHints":{"allow":["GET"]}}],"collection":[{"href":"https:\/\/winesapiens.com\/es\/wp-json\/wp\/v2\/pages"}],"about":[{"href":"https:\/\/winesapiens.com\/es\/wp-json\/wp\/v2\/types\/page"}],"author":[{"embeddable":true,"href":"https:\/\/winesapiens.com\/es\/wp-json\/wp\/v2\/users\/1"}],"replies":[{"embeddable":true,"href":"https:\/\/winesapiens.com\/es\/wp-json\/wp\/v2\/comments?post=7751"}],"version-history":[{"count":3,"href":"https:\/\/winesapiens.com\/es\/wp-json\/wp\/v2\/pages\/7751\/revisions"}],"predecessor-version":[{"id":7813,"href":"https:\/\/winesapiens.com\/es\/wp-json\/wp\/v2\/pages\/7751\/revisions\/7813"}],"wp:attachment":[{"href":"https:\/\/winesapiens.com\/es\/wp-json\/wp\/v2\/media?parent=7751"}],"curies":[{"name":"wp","href":"https:\/\/api.w.org\/{rel}","templated":true}]}}