{"id":7755,"date":"2019-09-04T14:04:05","date_gmt":"2019-09-04T14:04:05","guid":{"rendered":"https:\/\/winesapiens.com\/diversidad-de-espana\/"},"modified":"2023-09-19T11:28:43","modified_gmt":"2023-09-19T11:28:43","slug":"diversidad-de-espana","status":"publish","type":"page","link":"https:\/\/winesapiens.com\/es\/diversidad-de-espana\/","title":{"rendered":"Diversidad de Espa\u00f1a"},"content":{"rendered":"<p>[vc_row row_content_width=\u00bbgrid\u00bb css=\u00bb.vc_custom_1663776074914{margin-right: 50px !important;margin-left: 50px !important;background-image: url(https:\/\/winesapiens.com\/wp-content\/uploads\/2022\/03\/SLIDERS-WINE-SAPIENS.png?id=4732) !important;}\u00bb][vc_column width=\u00bb1\/2&#8243; offset=\u00bbvc_hidden-xs\u00bb][vc_empty_space height=\u00bb62px\u00bb][vc_single_image image=\u00bb6614&#8243; img_size=\u00bblarge\u00bb alignment=\u00bbcenter\u00bb][vc_empty_space height=\u00bb62px\u00bb][vc_column_text]<\/p>\n<p style=\"text-align: jutify;\"><span style=\"color: #333333;\">Desde la verde y exuberante Galicia, con su Albari\u00f1o lleno de frescor atl\u00e1ntico y sus bayas rojas del bosque que recuerdan a la Menc\u00eda, hasta la Garnacha llena de sol mediterr\u00e1neo y la Monastrell amante del calor. Desde los negros suelos volc\u00e1nicos de las islas Canarias hasta la blanca albariza que brilla en Jerez.<\/span><\/p>\n<p>[\/vc_column_text][\/vc_column][vc_column width=\u00bb1\/2&#8243; css=\u00bb.vc_custom_1669462625621{margin-left: 40px !important;}\u00bb offset=\u00bbvc_hidden-xs\u00bb][vc_empty_space height=\u00bb62px\u00bb][vc_column_text]<\/p>\n<h4 style=\"text-align: justify;\"><strong><span style=\"color: #333333;\">Descubra los vinos ecol\u00f3gicos espa\u00f1oles a trav\u00e9s de mis ojos<\/span><\/strong><\/h4>\n<p style=\"text-align: justify;\"><span style=\"font-weight: 400; color: #333333;\">La b\u00fasqueda del tesoro de Wine Sapiens me lleva por Espa\u00f1a, que es el pa\u00eds de los contrastes, las variedades aut\u00f3ctonas y la espectacular variedad de vinos ecol\u00f3gicos. <\/span><\/p>\n<p>[\/vc_column_text][vc_empty_space height=\u00bb72px\u00bb][vc_single_image image=\u00bb6633&#8243; img_size=\u00bblarge\u00bb alignment=\u00bbcenter\u00bb][\/vc_column][\/vc_row][vc_row row_content_width=\u00bbgrid\u00bb css=\u00bb.vc_custom_1663776074914{margin-right: 50px !important;margin-left: 50px !important;background-image: url(https:\/\/winesapiens.com\/wp-content\/uploads\/2022\/03\/SLIDERS-WINE-SAPIENS.png?id=4732) !important;}\u00bb][vc_column width=\u00bb1\/2&#8243; offset=\u00bbvc_hidden-xs\u00bb][vc_empty_space height=\u00bb62px\u00bb][vc_single_image image=\u00bb6613&#8243; img_size=\u00bblarge\u00bb alignment=\u00bbcenter\u00bb][vc_empty_space height=\u00bb62px\u00bb][vc_column_text]<\/p>\n<p style=\"text-align: justify;\"><span style=\"font-weight: 400; color: #333333;\">Desde las altitudes de la Sierra de Gredos hasta los valles de los r\u00edos Duero y Ebro . La diversidad de la geograf\u00eda, el clima, los terru\u00f1os, las variedades de uva y tambi\u00e9n el car\u00e1cter de los vinicultores es fascinante. <\/span><\/p>\n<p>[\/vc_column_text][\/vc_column][vc_column width=\u00bb1\/2&#8243; css=\u00bb.vc_custom_1669462893576{margin-left: 40px !important;}\u00bb offset=\u00bbvc_hidden-xs\u00bb][vc_empty_space height=\u00bb62px\u00bb][vc_column_text]<\/p>\n<p style=\"text-align: justify;\"><span style=\"font-weight: 400; color: #333333;\">Pero a pesar de la diferencia de sus estilos de vino, todos los en\u00f3logos de Wine Sapiens comparten la filosof\u00eda del #respeto por el medio ambiente y la firme creencia de que la #sostenibilidad es un pilar fundamental para la elaboraci\u00f3n del vino presente y futuro. \u00a1Mi objetivo es encontrar los vinos que te teletransporten al lugar exacto de Espa\u00f1a lleno de #biodiversidad! <\/span><\/p>\n<p>[\/vc_column_text][vc_empty_space height=\u00bb72px\u00bb][vc_single_image image=\u00bb6612&#8243; img_size=\u00bblarge\u00bb alignment=\u00bbcenter\u00bb][\/vc_column][\/vc_row][vc_row][vc_column width=\u00bb1\/3&#8243;][\/vc_column][vc_column width=\u00bb1\/3&#8243; offset=\u00bbvc_hidden-lg vc_hidden-md vc_hidden-sm\u00bb css=\u00bb.vc_custom_1671571004061{margin-bottom: -40px !important;padding-right: 70px !important;padding-left: 70px !important;}\u00bb][vc_empty_space height=\u00bb12px\u00bb]<div class=\"qodef-shortcode qodef-m  qodef-section-title qodef-alignment--center \">\n\t\t<h2 class=\"qodef-m-title\" >\n\t\tDiversidad de Espa\u00f1a\t\t<\/h2>\n\t\t<\/div>[vc_empty_space height=\u00bb62px\u00bb][vc_column_text]<\/p>\n<h4 style=\"text-align: center;\"><strong><span style=\"color: #333333;\">Descubra los vinos ecol\u00f3gicos espa\u00f1oles a trav\u00e9s de mis ojos<\/span><\/strong><\/h4>\n<p style=\"text-align: justify;\"><span style=\"font-weight: 400; color: #333333;\">La b\u00fasqueda del tesoro de Wine Sapiens me lleva por Espa\u00f1a, que es el pa\u00eds de los contrastes, las variedades aut\u00f3ctonas y la espectacular variedad de vinos ecol\u00f3gicos. <\/span><\/p>\n<p>[\/vc_column_text][vc_empty_space][vc_single_image image=\u00bb6633&#8243; img_size=\u00bblarge\u00bb alignment=\u00bbcenter\u00bb][vc_empty_space height=\u00bb52px\u00bb][vc_column_text]<\/p>\n<p style=\"text-align: justify;\"><span style=\"color: #333333;\">Desde la verde y exuberante Galicia, con su Albari\u00f1o lleno de frescor atl\u00e1ntico y sus bayas rojas del bosque que recuerdan a la Menc\u00eda, hasta la Garnacha llena de sol mediterr\u00e1neo y la Monastrell amante del calor. Desde los negros suelos volc\u00e1nicos de las islas Canarias hasta la blanca albariza que brilla en Jerez.<\/span><\/p>\n<p>[\/vc_column_text][vc_empty_space height=\u00bb52px\u00bb][vc_single_image image=\u00bb6614&#8243; img_size=\u00bblarge\u00bb alignment=\u00bbcenter\u00bb][vc_empty_space height=\u00bb52px\u00bb][vc_column_text]<\/p>\n<p style=\"text-align: justify;\"><span style=\"font-weight: 400; color: #333333;\">Pero a pesar de la diferencia de sus estilos de vino, todos los en\u00f3logos de Wine Sapiens comparten la filosof\u00eda del #respeto por el medio ambiente y la firme creencia de que la #sostenibilidad es un pilar fundamental para la elaboraci\u00f3n del vino presente y futuro. \u00a1Mi objetivo es encontrar los vinos que te teletransporten al lugar exacto de Espa\u00f1a lleno de #biodiversidad! <\/span><\/p>\n<p>[\/vc_column_text][vc_empty_space][vc_single_image image=\u00bb6612&#8243; img_size=\u00bblarge\u00bb alignment=\u00bbcenter\u00bb][vc_empty_space][vc_column_text]<\/p>\n<p style=\"text-align: justify;\"><span style=\"font-weight: 400; color: #333333;\">Desde las altitudes de la Sierra de Gredos hasta los valles de los r\u00edos Duero y Ebro . La diversidad de la geograf\u00eda, el clima, los terru\u00f1os, las variedades de uva y tambi\u00e9n el car\u00e1cter de los vinicultores es fascinante. <\/span><\/p>\n<p>[\/vc_column_text][vc_empty_space height=\u00bb42px\u00bb][vc_single_image image=\u00bb6613&#8243; img_size=\u00bblarge\u00bb alignment=\u00bbcenter\u00bb][\/vc_column][vc_column width=\u00bb1\/3&#8243;][\/vc_column][\/vc_row][vc_row row_content_width=\u00bbgrid\u00bb css=\u00bb.vc_custom_1669463698975{padding-bottom: 40px !important;background-image: url(https:\/\/winesapiens.com\/wp-content\/uploads\/2022\/03\/SLIDERS-WINE-SAPIENS.png?id=4732) !important;background-position: center !important;background-repeat: no-repeat !important;background-size: contain !important;}\u00bb][vc_column width=\u00bb1\/6&#8243; css=\u00bb.vc_custom_1568188602623{padding-right: 0px !important;padding-left: 0px !important;}\u00bb column_responsive_padding_680=\u00bb0 15px\u00bb][\/vc_column][vc_column width=\u00bb2\/3&#8243; offset=\u00bbvc_hidden-xs\u00bb][vc_empty_space height=\u00bb80px\u00bb]<div class=\"qodef-shortcode qodef-m  qodef-section-title qodef-alignment--center \">\n\t\t<h4 class=\"qodef-m-title\" style=\"color: #4f2e3a\">\n\t\t<strong>Para saber m\u00e1s toma un sorbo y viaja conmigo por las regiones vin\u00edcolas espa\u00f1olas en el siguiente v\u00eddeo:<\/strong>\t\t<\/h4>\n\t\t<\/div>[vc_empty_space height=\u00bb90px\u00bb][vc_video link=\u00bbhttps:\/\/www.youtube.com\/watch?v=mKatWsC47Zg\u00bb el_width=\u00bb90&#8243; align=\u00bbcenter\u00bb css_animation=\u00bbfadeInUp\u00bb css=\u00bb.vc_custom_1663777785251{padding-top: 55px !important;padding-right: 25px !important;padding-bottom: 55px !important;padding-left: 25px !important;background-image: url(https:\/\/winesapiens.com\/wp-content\/uploads\/2022\/09\/BANNERS-TEST-WINE-SAPIENS-4.png?id=6331) !important;}\u00bb][vc_empty_space height=\u00bb40px\u00bb][\/vc_column][vc_column width=\u00bb1\/6&#8243;][\/vc_column][\/vc_row][vc_row content_text_alignment=\u00bbcenter\u00bb css=\u00bb.vc_custom_1669463153246{padding-bottom: 80px !important;background-image: url(https:\/\/winesapiens.com\/wp-content\/uploads\/2022\/03\/SLIDERS-WINE-SAPIENS.png?id=4732) !important;background-position: center !important;background-repeat: no-repeat !important;background-size: contain !important;}\u00bb][vc_column width=\u00bb1\/6&#8243; css=\u00bb.vc_custom_1568188602623{padding-right: 0px !important;padding-left: 0px !important;}\u00bb column_responsive_padding_680=\u00bb0 15px\u00bb][\/vc_column][vc_column width=\u00bb2\/3&#8243; offset=\u00bbvc_hidden-lg vc_hidden-md vc_hidden-sm\u00bb][vc_empty_space height=\u00bb80px\u00bb]<div class=\"qodef-shortcode qodef-m  qodef-section-title qodef-alignment--center \">\n\t\t<h5 class=\"qodef-m-title\" style=\"color: #4f2e3a\">\n\t\t<strong>Para saber m\u00e1s toma un sorbo y viaja conmigo por las regiones vin\u00edcolas espa\u00f1olas en el siguiente v\u00eddeo:<\/strong>\t\t<\/h5>\n\t\t<\/div>[vc_empty_space height=\u00bb90px\u00bb][vc_video link=\u00bbhttps:\/\/www.youtube.com\/watch?v=mKatWsC47Zg\u00bb el_width=\u00bb90&#8243; align=\u00bbcenter\u00bb css_animation=\u00bbfadeInUp\u00bb css=\u00bb.vc_custom_1663777785251{padding-top: 55px !important;padding-right: 25px !important;padding-bottom: 55px !important;padding-left: 25px !important;background-image: url(https:\/\/winesapiens.com\/wp-content\/uploads\/2022\/09\/BANNERS-TEST-WINE-SAPIENS-4.png?id=6331) !important;}\u00bb][vc_empty_space height=\u00bb20px\u00bb][\/vc_column][vc_column width=\u00bb1\/6&#8243;][\/vc_column][\/vc_row][vc_row css=\u00bb.vc_custom_1659609716140{background-image: url(https:\/\/winesapiens.com\/wp-content\/uploads\/2022\/03\/SLIDERS-WINE-SAPIENS.png?id=4732) !important;background-position: center !important;background-repeat: no-repeat !important;background-size: contain !important;}\u00bb][vc_column][vc_row_inner][vc_column_inner width=\u00bb1\/4&#8243;][\/vc_column_inner][vc_column_inner width=\u00bb1\/2&#8243;][vc_images_carousel images=\u00bb6684,6685,6686&#8243; img_size=\u00bbfull\u00bb slides_per_view=\u00bb3&#8243; hide_pagination_control=\u00bbyes\u00bb][vc_empty_space height=\u00bb102px\u00bb][\/vc_column_inner][vc_column_inner width=\u00bb1\/4&#8243;][\/vc_column_inner][\/vc_row_inner][\/vc_column][\/vc_row][vc_row content_placement=\u00bbmiddle\u00bb content_text_alignment=\u00bbcenter\u00bb css=\u00bb.vc_custom_1659956592231{background-image: url(https:\/\/winesapiens.com\/wp-content\/uploads\/2022\/08\/banners-wine-sapiens-header.png?id=5276) !important;background-position: center !important;background-repeat: no-repeat !important;background-size: cover !important;}\u00bb][vc_column offset=\u00bbvc_hidden-xs\u00bb][vc_row_inner row_content_width=\u00bbgrid\u00bb][vc_column_inner width=\u00bb1\/6&#8243;][\/vc_column_inner][vc_column_inner width=\u00bb2\/3&#8243; css=\u00bb.vc_custom_1659956742909{padding-top: -20px !important;padding-right: 60px !important;padding-left: 60px !important;background-position: center !important;background-repeat: no-repeat !important;background-size: cover !important;border-radius: 1px !important;}\u00bb][vc_column_text css_animation=\u00bbnone\u00bb css=\u00bb.vc_custom_1669463535691{padding-top: 50px !important;padding-right: 50px !important;padding-left: 50px !important;}\u00bb]<\/p>\n<h3 style=\"text-align: center;\"><span style=\"color: #ffffff;\">Cada dos mi\u00e9rcoles te invito a echar un vistazo a la <strong>Caja del Tesoro de Wine Sapiens<\/strong>. Es un teletransporte a los biodiversos vi\u00f1edos de toda Espa\u00f1a mientras conoce a apasionados en\u00f3logos, aprende las curiosas historias que se esconden detr\u00e1s de sus botellas y es el primero en recibir los \u00faltimos lanzamientos vin\u00edcolas: <\/span><\/h3>\n<p>[\/vc_column_text][vc_empty_space height=\u00bb22px\u00bb css=\u00bb.vc_custom_1663777841489{background-image: url(https:\/\/winesapiens.com\/wp-content\/uploads\/2022\/03\/SLIDERS-WINE-SAPIENS.png?id=4732) !important;}\u00bb][\/vc_column_inner][vc_column_inner width=\u00bb1\/6&#8243;][\/vc_column_inner][\/vc_row_inner][vc_row_inner row_content_width=\u00bbgrid\u00bb content_text_alignment=\u00bbcenter\u00bb][vc_column_inner width=\u00bb1\/4&#8243;][\/vc_column_inner][vc_column_inner width=\u00bb1\/2&#8243;]<div role=\"form\" class=\"wpcf7\" id=\"wpcf7-f7805-o1\" lang=\"es-ES\" dir=\"ltr\">\n<div class=\"screen-reader-response\"><p role=\"status\" aria-live=\"polite\" aria-atomic=\"true\"><\/p> <ul><\/ul><\/div>\n<form action=\"\/es\/wp-json\/wp\/v2\/pages\/7755#wpcf7-f7805-o1\" method=\"post\" class=\"wpcf7-form init\" novalidate=\"novalidate\" data-status=\"init\">\n<div style=\"display: none;\">\n<input type=\"hidden\" name=\"_wpcf7\" value=\"7805\" \/>\n<input type=\"hidden\" name=\"_wpcf7_version\" value=\"5.5.6\" \/>\n<input type=\"hidden\" name=\"_wpcf7_locale\" value=\"es_ES\" \/>\n<input type=\"hidden\" name=\"_wpcf7_unit_tag\" value=\"wpcf7-f7805-o1\" \/>\n<input type=\"hidden\" name=\"_wpcf7_container_post\" value=\"0\" \/>\n<input type=\"hidden\" name=\"_wpcf7_posted_data_hash\" value=\"\" \/>\n<input type=\"hidden\" name=\"_wpcf7_recaptcha_response\" value=\"\" \/>\n<\/div>\n<p><label> Nombre<br \/>\n<span class=\"wpcf7-form-control-wrap text-381\"><input type=\"text\" name=\"text-381\" value=\"\" size=\"40\" class=\"wpcf7-form-control wpcf7-text wpcf7-validates-as-required\" aria-required=\"true\" aria-invalid=\"false\" \/><\/span> <\/label><\/p>\n<p><label> Direcci\u00f3n de correo electr\u00f3nico<br \/>\n    <span class=\"wpcf7-form-control-wrap your-email\"><input type=\"email\" name=\"your-email\" value=\"\" size=\"40\" class=\"wpcf7-form-control wpcf7-text wpcf7-email wpcf7-validates-as-required wpcf7-validates-as-email\" aria-required=\"true\" aria-invalid=\"false\" \/><\/span> <\/label><\/p>\n<p><button type=\"submit\" class=\"wpcf7-form-control wpcf7-submit qodef-button qodef-size--normal qodef-type--filled qodef-m\"><span class=\"qodef-m-text\">Ap\u00fantame<\/span><\/button><\/p>\n<div class=\"wpcf7-response-output\" aria-hidden=\"true\"><\/div><\/form><\/div>[\/vc_column_inner][vc_column_inner width=\u00bb1\/4&#8243;][\/vc_column_inner][\/vc_row_inner][vc_empty_space height=\u00bb82px\u00bb css=\u00bb.vc_custom_1659620210864{background-image: url(https:\/\/winesapiens.com\/wp-content\/uploads\/2022\/03\/SLIDERS-WINE-SAPIENS.png?id=4732) !important;}\u00bb][\/vc_column][\/vc_row][vc_row content_placement=\u00bbmiddle\u00bb content_text_alignment=\u00bbcenter\u00bb css=\u00bb.vc_custom_1659956592231{background-image: url(https:\/\/winesapiens.com\/wp-content\/uploads\/2022\/08\/banners-wine-sapiens-header.png?id=5276) !important;background-position: center !important;background-repeat: no-repeat !important;background-size: cover !important;}\u00bb][vc_column offset=\u00bbvc_hidden-lg vc_hidden-md vc_hidden-sm\u00bb][vc_row_inner row_content_width=\u00bbgrid\u00bb][vc_column_inner][vc_column_text css_animation=\u00bbnone\u00bb css=\u00bb.vc_custom_1669463525499{padding-top: 50px !important;}\u00bb]<\/p>\n<h3 style=\"text-align: center;\"><span style=\"color: #ffffff;\">Suscr\u00edbete a mi bolet\u00edn para recibir un adelanto de la Caja del Tesoro de Wine Sapiens: <\/span><\/h3>\n<p>[\/vc_column_text][vc_empty_space height=\u00bb22px\u00bb css=\u00bb.vc_custom_1663777841489{background-image: url(https:\/\/winesapiens.com\/wp-content\/uploads\/2022\/03\/SLIDERS-WINE-SAPIENS.png?id=4732) !important;}\u00bb][\/vc_column_inner][\/vc_row_inner][vc_row_inner row_content_width=\u00bbgrid\u00bb content_text_alignment=\u00bbcenter\u00bb][vc_column_inner width=\u00bb1\/4&#8243;][\/vc_column_inner][vc_column_inner width=\u00bb1\/2&#8243;]<div role=\"form\" class=\"wpcf7\" id=\"wpcf7-f7805-o2\" lang=\"es-ES\" dir=\"ltr\">\n<div class=\"screen-reader-response\"><p role=\"status\" aria-live=\"polite\" aria-atomic=\"true\"><\/p> <ul><\/ul><\/div>\n<form action=\"\/es\/wp-json\/wp\/v2\/pages\/7755#wpcf7-f7805-o2\" method=\"post\" class=\"wpcf7-form init\" novalidate=\"novalidate\" data-status=\"init\">\n<div style=\"display: none;\">\n<input type=\"hidden\" name=\"_wpcf7\" value=\"7805\" \/>\n<input type=\"hidden\" name=\"_wpcf7_version\" value=\"5.5.6\" \/>\n<input type=\"hidden\" name=\"_wpcf7_locale\" value=\"es_ES\" \/>\n<input type=\"hidden\" name=\"_wpcf7_unit_tag\" value=\"wpcf7-f7805-o2\" \/>\n<input type=\"hidden\" name=\"_wpcf7_container_post\" value=\"0\" \/>\n<input type=\"hidden\" name=\"_wpcf7_posted_data_hash\" value=\"\" \/>\n<input type=\"hidden\" name=\"_wpcf7_recaptcha_response\" value=\"\" \/>\n<\/div>\n<p><label> Nombre<br \/>\n<span class=\"wpcf7-form-control-wrap text-381\"><input type=\"text\" name=\"text-381\" value=\"\" size=\"40\" class=\"wpcf7-form-control wpcf7-text wpcf7-validates-as-required\" aria-required=\"true\" aria-invalid=\"false\" \/><\/span> <\/label><\/p>\n<p><label> Direcci\u00f3n de correo electr\u00f3nico<br \/>\n    <span class=\"wpcf7-form-control-wrap your-email\"><input type=\"email\" name=\"your-email\" value=\"\" size=\"40\" class=\"wpcf7-form-control wpcf7-text wpcf7-email wpcf7-validates-as-required wpcf7-validates-as-email\" aria-required=\"true\" aria-invalid=\"false\" \/><\/span> <\/label><\/p>\n<p><button type=\"submit\" class=\"wpcf7-form-control wpcf7-submit qodef-button qodef-size--normal qodef-type--filled qodef-m\"><span class=\"qodef-m-text\">Ap\u00fantame<\/span><\/button><\/p>\n<div class=\"wpcf7-response-output\" aria-hidden=\"true\"><\/div><\/form><\/div>[\/vc_column_inner][vc_column_inner width=\u00bb1\/4&#8243;][\/vc_column_inner][\/vc_row_inner][vc_empty_space height=\u00bb82px\u00bb css=\u00bb.vc_custom_1659620210864{background-image: url(https:\/\/winesapiens.com\/wp-content\/uploads\/2022\/03\/SLIDERS-WINE-SAPIENS.png?id=4732) !important;}\u00bb][\/vc_column][\/vc_row]<\/p>\n","protected":false},"excerpt":{"rendered":"<p>[vc_row row_content_width=\u00bbgrid\u00bb css=\u00bb.vc_custom_1663776074914{margin-right: 50px !important;margin-left: 50px !important;background-image: url(https:\/\/winesapiens.com\/wp-content\/uploads\/2022\/03\/SLIDERS-WINE-SAPIENS.png?id=4732) !important;}\u00bb][vc_column width=\u00bb1\/2&#8243; offset=\u00bbvc_hidden-xs\u00bb][vc_empty_space height=\u00bb62px\u00bb][vc_single_image image=\u00bb6614&#8243; img_size=\u00bblarge\u00bb alignment=\u00bbcenter\u00bb][vc_empty_space height=\u00bb62px\u00bb][vc_column_text] Desde la verde y exuberante Galicia, con su Albari\u00f1o lleno de frescor atl\u00e1ntico y sus bayas rojas del bosque que recuerdan a la Menc\u00eda, hasta la Garnacha llena de sol mediterr\u00e1neo y la Monastrell amante del calor. Desde los [&hellip;]<\/p>\n","protected":false},"author":1,"featured_media":0,"parent":0,"menu_order":0,"comment_status":"closed","ping_status":"closed","template":"page-full-width.php","meta":{"footnotes":""},"class_list":["post-7755","page","type-page","status-publish","hentry"],"yoast_head":"<!-- This site is optimized with the Yoast SEO plugin v16.3 - https:\/\/yoast.com\/wordpress\/plugins\/seo\/ -->\n<title>Diversidad de Espa\u00f1a - Wine Sapiens<\/title>\n<meta name=\"robots\" content=\"index, follow, max-snippet:-1, max-image-preview:large, max-video-preview:-1\" \/>\n<link rel=\"canonical\" href=\"https:\/\/winesapiens.com\/es\/diversidad-de-espana\/\" \/>\n<meta property=\"og:locale\" content=\"es_ES\" \/>\n<meta property=\"og:type\" content=\"article\" \/>\n<meta property=\"og:title\" content=\"Diversidad de Espa\u00f1a - Wine Sapiens\" \/>\n<meta property=\"og:description\" content=\"[vc_row row_content_width=\u00bbgrid\u00bb css=\u00bb.vc_custom_1663776074914{margin-right: 50px !important;margin-left: 50px !important;background-image: url(https:\/\/winesapiens.com\/wp-content\/uploads\/2022\/03\/SLIDERS-WINE-SAPIENS.png?id=4732) !important;}\u00bb][vc_column width=\u00bb1\/2&#8243; offset=\u00bbvc_hidden-xs\u00bb][vc_empty_space height=\u00bb62px\u00bb][vc_single_image image=\u00bb6614&#8243; img_size=\u00bblarge\u00bb alignment=\u00bbcenter\u00bb][vc_empty_space height=\u00bb62px\u00bb][vc_column_text] Desde la verde y exuberante Galicia, con su Albari\u00f1o lleno de frescor atl\u00e1ntico y sus bayas rojas del bosque que recuerdan a la Menc\u00eda, hasta la Garnacha llena de sol mediterr\u00e1neo y la Monastrell amante del calor. Desde los [&hellip;]\" \/>\n<meta property=\"og:url\" content=\"https:\/\/winesapiens.com\/es\/diversidad-de-espana\/\" \/>\n<meta property=\"og:site_name\" content=\"Wine Sapiens\" \/>\n<meta property=\"article:modified_time\" content=\"2023-09-19T11:28:43+00:00\" \/>\n<meta name=\"twitter:card\" content=\"summary_large_image\" \/>\n<meta name=\"twitter:label1\" content=\"Tiempo de lectura\">\n\t<meta name=\"twitter:data1\" content=\"8 minutos\">\n<script type=\"application\/ld+json\" class=\"yoast-schema-graph\">{\"@context\":\"https:\/\/schema.org\",\"@graph\":[{\"@type\":\"WebSite\",\"@id\":\"https:\/\/winesapiens.com\/es\/#website\",\"url\":\"https:\/\/winesapiens.com\/es\/\",\"name\":\"Wine Sapiens\",\"description\":\"Helping importers find Spanish organic wines\",\"potentialAction\":[{\"@type\":\"SearchAction\",\"target\":\"https:\/\/winesapiens.com\/es\/?s={search_term_string}\",\"query-input\":\"required name=search_term_string\"}],\"inLanguage\":\"es\"},{\"@type\":\"WebPage\",\"@id\":\"https:\/\/winesapiens.com\/es\/diversidad-de-espana\/#webpage\",\"url\":\"https:\/\/winesapiens.com\/es\/diversidad-de-espana\/\",\"name\":\"Diversidad de Espa\\u00f1a - Wine Sapiens\",\"isPartOf\":{\"@id\":\"https:\/\/winesapiens.com\/es\/#website\"},\"datePublished\":\"2019-09-04T14:04:05+00:00\",\"dateModified\":\"2023-09-19T11:28:43+00:00\",\"breadcrumb\":{\"@id\":\"https:\/\/winesapiens.com\/es\/diversidad-de-espana\/#breadcrumb\"},\"inLanguage\":\"es\",\"potentialAction\":[{\"@type\":\"ReadAction\",\"target\":[\"https:\/\/winesapiens.com\/es\/diversidad-de-espana\/\"]}]},{\"@type\":\"BreadcrumbList\",\"@id\":\"https:\/\/winesapiens.com\/es\/diversidad-de-espana\/#breadcrumb\",\"itemListElement\":[{\"@type\":\"ListItem\",\"position\":1,\"item\":{\"@type\":\"WebPage\",\"@id\":\"https:\/\/winesapiens.com\/es\/\",\"url\":\"https:\/\/winesapiens.com\/es\/\",\"name\":\"Home\"}},{\"@type\":\"ListItem\",\"position\":2,\"item\":{\"@id\":\"https:\/\/winesapiens.com\/es\/diversidad-de-espana\/#webpage\"}}]}]}<\/script>\n<!-- \/ Yoast SEO plugin. -->","_links":{"self":[{"href":"https:\/\/winesapiens.com\/es\/wp-json\/wp\/v2\/pages\/7755","targetHints":{"allow":["GET"]}}],"collection":[{"href":"https:\/\/winesapiens.com\/es\/wp-json\/wp\/v2\/pages"}],"about":[{"href":"https:\/\/winesapiens.com\/es\/wp-json\/wp\/v2\/types\/page"}],"author":[{"embeddable":true,"href":"https:\/\/winesapiens.com\/es\/wp-json\/wp\/v2\/users\/1"}],"replies":[{"embeddable":true,"href":"https:\/\/winesapiens.com\/es\/wp-json\/wp\/v2\/comments?post=7755"}],"version-history":[{"count":2,"href":"https:\/\/winesapiens.com\/es\/wp-json\/wp\/v2\/pages\/7755\/revisions"}],"predecessor-version":[{"id":7807,"href":"https:\/\/winesapiens.com\/es\/wp-json\/wp\/v2\/pages\/7755\/revisions\/7807"}],"wp:attachment":[{"href":"https:\/\/winesapiens.com\/es\/wp-json\/wp\/v2\/media?parent=7755"}],"curies":[{"name":"wp","href":"https:\/\/api.w.org\/{rel}","templated":true}]}}