{"id":7759,"date":"2019-09-04T11:57:43","date_gmt":"2019-09-04T11:57:43","guid":{"rendered":"https:\/\/winesapiens.com\/historia\/"},"modified":"2023-09-19T11:32:30","modified_gmt":"2023-09-19T11:32:30","slug":"historia","status":"publish","type":"page","link":"https:\/\/winesapiens.com\/es\/historia\/","title":{"rendered":"Historia"},"content":{"rendered":"<p>[vc_row row_content_width=\u00bbgrid\u00bb css=\u00bb.vc_custom_1659348250635{margin-top: 70px !important;margin-bottom: 50px !important;background-image: url(https:\/\/winesapiens.com\/wp-content\/uploads\/2022\/03\/SLIDERS-WINE-SAPIENS.png?id=4732) !important;background-position: center !important;background-repeat: no-repeat !important;background-size: contain !important;}\u00bb][vc_column width=\u00bb1\/2&#8243; offset=\u00bbvc_hidden-xs\u00bb][vc_single_image image=\u00bb6643&#8243; img_size=\u00bblarge\u00bb alignment=\u00bbright\u00bb css=\u00bb.vc_custom_1665319575931{padding-top: 30px !important;padding-right: 50px !important;padding-left: 50px !important;}\u00bb][vc_empty_space height=\u00bb60px\u00bb][vc_column_text css=\u00bb.vc_custom_1667497849197{padding-left: 50px !important;}\u00bb]<\/p>\n<h5><span style=\"color: #4f2e3a;\"><b>Ayudo a importadores como usted a descubrir vinos ecol\u00f3gicos espa\u00f1oles que encantar\u00e1n a sus clientes. <\/b><\/span><\/h5>\n<p>[\/vc_column_text][vc_empty_space height=\u00bb20px\u00bb][vc_column_text css=\u00bb.vc_custom_1667498150844{margin-right: 60px !important;border-right-width: 60px !important;background-position: center !important;background-repeat: no-repeat !important;background-size: cover !important;border-radius: 2px !important;}\u00bb]<\/p>\n<h5 style=\"padding-left: 40px; text-align: center;\"><span style=\"color: #4f2e3a;\"><strong>Mis objetivos:<\/strong><\/span><\/h5>\n<p style=\"text-align: justify; padding-left: 80px;\"><span style=\"color: #333333;\"><span style=\"font-weight: 400;\">&#8211; Ayudar a los bodegueros espa\u00f1oles que <\/span><span style=\"font-weight: 400;\">producen vinos incre\u00edbles mediante una viticultura respetuosa con el medio ambiente a darse a conocer y ayudarles en el proceso de exportaci\u00f3n y promoci\u00f3n del vino.<\/span><\/span><\/p>\n<p style=\"text-align: justify; padding-left: 80px;\"><span style=\"font-weight: 400; color: #333333;\">&#8211; Ayudar a los importadores de vino a encontrar sin esfuerzo los mejores vinos ecol\u00f3gicos, biodin\u00e1micos y naturales de Espa\u00f1a que sus clientes aplaudir\u00e1n. <\/span><\/p>\n<h5 style=\"padding-left: 40px;\"><\/h5>\n<p>[\/vc_column_text][vc_empty_space height=\u00bb20px\u00bb][vc_column_text css=\u00bb.vc_custom_1667498190252{margin-right: 60px !important;border-right-width: 60px !important;}\u00bb]<\/p>\n<h5><\/h5>\n<h5 style=\"padding-left: 40px; text-align: center;\"><span style=\"color: #764735;\"><strong>Reserve una llamada y empecemos a trabajar juntos<\/strong><\/span><\/h5>\n<p>[\/vc_column_text][vc_empty_space height=\u00bb20px\u00bb][vc_row_inner][vc_column_inner width=\u00bb1\/4&#8243;][\/vc_column_inner][vc_column_inner width=\u00bb1\/2&#8243;][vc_empty_space height=\u00bb10px\u00bb]<a class=\"qodef-shortcode qodef-m  qodef-button qodef-layout--filled  qodef-html--link\" href=\"https:\/\/calendly.com\/winesapiens\/wine-sapiens-discovery-call\" target=\"_blank\" data-hover-background-color=\"rgba(79,46,58,0.78)\" style=\"background-color: rgba(132,1,62,0.63);margin: 30px\"><span class=\"qodef-m-text\">\u00a1Vamos!<\/span><\/a>[\/vc_column_inner][vc_column_inner width=\u00bb1\/4&#8243;][\/vc_column_inner][\/vc_row_inner][vc_empty_space height=\u00bb100px\u00bb][\/vc_column][vc_column width=\u00bb1\/2&#8243; offset=\u00bbvc_hidden-xs\u00bb][vc_empty_space height=\u00bb30px\u00bb]<div class=\"qodef-shortcode qodef-m  qodef-section-title qodef-alignment--left \">\n\t\t<h3 class=\"qodef-m-title\" style=\"color: #4f2e3a\">\n\t\t<strong>HI, SOY KRISTINA PETRAVICIUTE <\/strong>\t\t<\/h3>\n\t\t<\/div>[vc_column_text css_animation=\u00bbappear\u00bb css=\u00bb.vc_custom_1667497860649{margin-top: -20px !important;}\u00bb]<\/p>\n<h5><strong><span style=\"color: #764735;\">Consultor de importaci\u00f3n de vinos en m\u00e1s de 20 mercados internacionales<\/span><\/strong><\/h5>\n<p>[\/vc_column_text][vc_empty_space][vc_column_text css=\u00bb.vc_custom_1665319182651{margin-right: 60px !important;border-right-width: 60px !important;}\u00bb]<\/p>\n<p style=\"text-align: justify;\"><span style=\"font-weight: 400; color: #333333;\">Crec\u00ed rodeada de naturaleza en un verde bosque lituano y desde 2016 encontr\u00e9 los vi\u00f1edos espa\u00f1oles como el lugar \u00abzen\u00bb donde me siento en casa. <\/span><\/p>\n<p style=\"text-align: justify;\"><span style=\"font-weight: 400; color: #333333;\">Desde la creaci\u00f3n del club del vino por copas hasta la apertura de mercados internacionales para una bodega ecol\u00f3gica de Valencia, los a\u00f1os que siguieron me han ense\u00f1ado la vida cotidiana de las bodegas desde dentro y tambi\u00e9n el negocio del vino en todo el mundo. <\/span><\/p>\n<p style=\"text-align: justify;\"><span style=\"font-weight: 400; color: #333333;\">La parte que a\u00fan me faltaba era mi pasi\u00f3n por la diversidad del vino espa\u00f1ol y mi af\u00e1n por compartirla con el mundo. <\/span><\/p>\n<p style=\"text-align: justify;\"><span style=\"font-weight: 400; color: #333333;\">Esta fue una de las razones para poner en marcha Wine Sapiens y comenzar mi viaje por Espa\u00f1a para descubrir aut\u00e9nticos productores sostenibles que formar\u00edan parte de la Caja del Tesoro de Wine Sapiens. <\/span><\/p>\n<p>[\/vc_column_text][vc_empty_space height=\u00bb62px\u00bb][vc_gallery interval=\u00bb3&#8243; images=\u00bb6587,6184,6584,6188,6588,6088,6585,6586,6186,6582,6583,6185&#8243; img_size=\u00bbfull\u00bb][\/vc_column][\/vc_row][vc_row row_content_width=\u00bbgrid\u00bb css=\u00bb.vc_custom_1659348250635{margin-top: 70px !important;margin-bottom: 50px !important;background-image: url(https:\/\/winesapiens.com\/wp-content\/uploads\/2022\/03\/SLIDERS-WINE-SAPIENS.png?id=4732) !important;background-position: center !important;background-repeat: no-repeat !important;background-size: contain !important;}\u00bb][vc_column width=\u00bb1\/2&#8243; offset=\u00bbvc_hidden-lg vc_hidden-md vc_hidden-sm\u00bb css=\u00bb.vc_custom_1670151851190{margin-top: -50px !important;padding-top: -50px !important;}\u00bb]<div class=\"qodef-shortcode qodef-m  qodef-section-title qodef-alignment--left \">\n\t\t<h3 class=\"qodef-m-title\" style=\"color: #4f2e3a\">\n\t\t<strong>HI, SOY KRISTINA PETRAVICIUTE <\/strong>\t\t<\/h3>\n\t\t<\/div>[vc_column_text css_animation=\u00bbappear\u00bb css=\u00bb.vc_custom_1670150976337{margin-top: -5px !important;}\u00bb]<\/p>\n<h5><strong><span style=\"color: #764735;\">Consultor de importaci\u00f3n de vinos en m\u00e1s de 20 mercados internacionales<\/span><\/strong><\/h5>\n<p>[\/vc_column_text][vc_empty_space height=\u00bb15px\u00bb][vc_column_text]<\/p>\n<p style=\"text-align: justify;\"><span style=\"font-weight: 400; color: #333333;\">Crec\u00ed rodeada de naturaleza en un verde bosque lituano y desde 2016 encontr\u00e9 los vi\u00f1edos espa\u00f1oles como el lugar \u00abzen\u00bb donde me siento en casa. <\/span><\/p>\n<p style=\"text-align: justify;\"><span style=\"font-weight: 400; color: #333333;\">Desde la creaci\u00f3n del club del vino por copas hasta la apertura de mercados internacionales para una bodega ecol\u00f3gica de Valencia, los a\u00f1os que siguieron me han ense\u00f1ado la vida cotidiana de las bodegas desde dentro y tambi\u00e9n el negocio del vino en todo el mundo. <\/span><\/p>\n<p style=\"text-align: justify;\"><span style=\"font-weight: 400; color: #333333;\">La parte que a\u00fan me faltaba era mi pasi\u00f3n por la diversidad del vino espa\u00f1ol y mi af\u00e1n por compartirla con el mundo. <\/span><\/p>\n<p style=\"text-align: justify;\"><span style=\"font-weight: 400; color: #333333;\">Esta fue una de las razones para poner en marcha Wine Sapiens y comenzar mi viaje por Espa\u00f1a para descubrir aut\u00e9nticos productores sostenibles que formar\u00edan parte de la Caja del Tesoro de Wine Sapiens. <\/span><\/p>\n<p>[\/vc_column_text][vc_empty_space height=\u00bb60px\u00bb][vc_single_image image=\u00bb6643&#8243; img_size=\u00bblarge\u00bb alignment=\u00bbcenter\u00bb css=\u00bb.vc_custom_1670151164591{padding-top: 30px !important;padding-right: 50px !important;padding-left: 50px !important;}\u00bb][vc_empty_space height=\u00bb15px\u00bb][vc_column_text]<\/p>\n<h5 style=\"text-align: center;\"><span style=\"color: #4f2e3a;\"><b>Ayudo a importadores como usted a descubrir vinos ecol\u00f3gicos espa\u00f1oles que encantar\u00e1n a sus clientes. <\/b><\/span><\/h5>\n<p>[\/vc_column_text][vc_empty_space height=\u00bb20px\u00bb][vc_column_text css=\u00bb.vc_custom_1670151084888{background-position: center !important;background-repeat: no-repeat !important;background-size: cover !important;border-radius: 2px !important;}\u00bb]<\/p>\n<h5 style=\"text-align: center;\"><span style=\"color: #4f2e3a;\"><strong>Mis objetivos:<\/strong><\/span><\/h5>\n<p style=\"text-align: justify;\"><span style=\"color: #333333;\"><span style=\"font-weight: 400;\">&#8211; Ayudar a los bodegueros espa\u00f1oles que <\/span><span style=\"font-weight: 400;\">producen vinos incre\u00edbles mediante una viticultura respetuosa con el medio ambiente a darse a conocer y ayudarles en el proceso de exportaci\u00f3n y promoci\u00f3n del vino.<\/span><\/span><\/p>\n<p style=\"text-align: justify;\"><span style=\"font-weight: 400; color: #333333;\">&#8211; Ayudar a los importadores de vino a encontrar sin esfuerzo los mejores vinos ecol\u00f3gicos, biodin\u00e1micos y naturales de Espa\u00f1a que sus clientes aplaudir\u00e1n. <\/span><\/p>\n<h5><\/h5>\n<p>[\/vc_column_text][vc_empty_space height=\u00bb20px\u00bb][vc_column_text css=\u00bb.vc_custom_1667498190252{margin-right: 60px !important;border-right-width: 60px !important;}\u00bb]<\/p>\n<h5><\/h5>\n<h5 style=\"padding-left: 40px; text-align: center;\"><span style=\"color: #764735;\"><strong>Reserve una llamada y empecemos a trabajar juntos<\/strong><\/span><\/h5>\n<p>[\/vc_column_text][vc_empty_space height=\u00bb20px\u00bb][vc_row_inner content_text_alignment=\u00bbcenter\u00bb][vc_column_inner width=\u00bb1\/4&#8243;][\/vc_column_inner][vc_column_inner width=\u00bb1\/2&#8243;][vc_empty_space height=\u00bb15px\u00bb]<a class=\"qodef-shortcode qodef-m  qodef-button qodef-layout--filled qodef-size--small qodef-html--link\" href=\"https:\/\/calendly.com\/winesapiens\/wine-sapiens-discovery-call\" target=\"_blank\" data-hover-background-color=\"rgba(79,46,58,0.78)\" style=\"background-color: rgba(132,1,62,0.63);font-size: 12px;margin: 30px\"><span class=\"qodef-m-text\">\u00a1Vamos!<\/span><\/a>[\/vc_column_inner][vc_column_inner width=\u00bb1\/4&#8243;][\/vc_column_inner][\/vc_row_inner][vc_empty_space height=\u00bb100px\u00bb][\/vc_column][vc_column width=\u00bb1\/2&#8243; offset=\u00bbvc_hidden-lg vc_hidden-md vc_hidden-sm\u00bb][vc_empty_space height=\u00bb42px\u00bb][vc_gallery interval=\u00bb3&#8243; images=\u00bb6587,6184,6584,6188,6588,6088,6585,6586,6186,6582,6583,6185&#8243; img_size=\u00bbfull\u00bb][vc_empty_space height=\u00bb22px\u00bb][\/vc_column][\/vc_row][vc_row content_text_alignment=\u00bbcenter\u00bb css=\u00bb.vc_custom_1659344587058{padding-top: 0px !important;background-image: url(https:\/\/winesapiens.com\/wp-content\/uploads\/2019\/09\/h9-slider-img-18.jpg?id=1831) !important;background-position: center !important;background-repeat: no-repeat !important;background-size: cover !important;}\u00bb][vc_column width=\u00bb1\/4&#8243; css=\u00bb.vc_custom_1567601820828{padding-top: 0px !important;background-image: url(https:\/\/aperitif.qodeinteractive.com\/wp-content\/uploads\/2019\/08\/h1-bckg-img-3.jpg?id=110) !important;background-position: center !important;background-repeat: no-repeat !important;background-size: cover !important;}\u00bb][\/vc_column][vc_column width=\u00bb1\/2&#8243;][vc_single_image image=\u00bb704&#8243; alignment=\u00bbcenter\u00bb css_animation=\u00bbfadeInUp\u00bb css=\u00bb.vc_custom_1659344976952{margin-top: -70px !important;border-top-width: -30px !important;padding-top: -30px !important;}\u00bb][vc_empty_space height=\u00bb50px\u00bb][vc_column_text css=\u00bb.vc_custom_1665574672893{margin-top: -30px !important;}\u00bb]<\/p>\n<h3 style=\"text-align: center;\"><strong><span style=\"color: #4a1804;\">Wine Sapiens apoya la evoluci\u00f3n R de la viticultura ecol\u00f3gica<\/span><\/strong><\/h3>\n<h5 style=\"text-align: center;\"><span style=\"font-weight: 400; color: #4a1804;\">Homo Sapiens significa Hombre Sabio. <\/span><span style=\"font-weight: 400; color: #4a1804;\">Eso nos convierte en Sabios y Sabias del Vino, y el nombre lo resume todo:<\/span><\/h5>\n<blockquote>\n<p style=\"text-align: center;\"><\/blockquote>\n<p>[\/vc_column_text][vc_row_inner css=\u00bb.vc_custom_1664351225896{padding-right: 30px !important;padding-left: 30px !important;}\u00bb][vc_column_inner width=\u00bb1\/2&#8243; css=\u00bb.vc_custom_1664351255461{padding-right: 20px !important;}\u00bb][vc_column_text]<\/p>\n<p style=\"text-align: justify;\"><span style=\"color: #333333;\"><span style=\"color: #800000;\"><br \/>\n<em><br \/>\n<b>W <\/b><br \/>\n<\/em><br \/>\n<\/span><span style=\"font-weight: 400;\">omos la fuente de conocimiento de nuestros clientes sobre el vino ecol\u00f3gico espa\u00f1ol <\/span> <\/span><\/p>\n<p style=\"text-align: justify;\"><span style=\"color: #333333;\"><em><br \/>\n<span style=\"color: #800000;\"><br \/>\n<b>I <\/b><br \/>\n<\/span><br \/>\n<\/em><span style=\"font-weight: 400;\">ndependientemente de sus necesidades, le ayudaremos a encontrar lo m\u00e1s adecuado para su mercado Usted es<\/span><\/span><\/p>\n<p style=\"text-align: justify;\"><span style=\"color: #333333;\"><em><br \/>\n<span style=\"color: #800000;\"><br \/>\n<b>N <\/b><br \/>\n<\/span><br \/>\n<\/em><span style=\"font-weight: 400;\">o estar\u00e1 solo en el proceso, ya que le guiaremos en cada paso del camino con<\/span><\/span><\/p>\n<p style=\"text-align: justify;\"><span style=\"color: #333333;\"><span style=\"color: #800000;\"><br \/>\n<em><br \/>\n<b>E <\/b><br \/>\n<\/em><br \/>\n<\/span><span style=\"font-weight: 400;\">l servicio excelente y la atenci\u00f3n personalizada est\u00e1n en el centro de lo que hacemos, porque la..<\/span><\/span>[\/vc_column_text][\/vc_column_inner][vc_column_inner width=\u00bb1\/2&#8243; css=\u00bb.vc_custom_1664351260837{padding-left: 22px !important;}\u00bb][vc_column_text]<\/p>\n<p style=\"text-align: justify;\"><span style=\"color: #333333;\"><em><br \/>\n<span style=\"color: #800000;\"><br \/>\n<b>S <\/b><br \/>\n<\/span><br \/>\n<\/em><span style=\"font-weight: 400;\">l \u00e9xito de nuestros clientes es nuestro \u00e9xito. <\/span> <\/span><\/p>\n<p style=\"text-align: justify;\"><span style=\"color: #333333;\"><em><br \/>\n<span style=\"color: #993300;\"><br \/>\n<b>A <\/b><br \/>\n<\/span><br \/>\n<\/em><span style=\"font-weight: 400;\">utenticas bodegas con una historia detr\u00e1s de cada botella son las que representamos, y estamos <\/span> <\/span><\/p>\n<p style=\"text-align: justify;\"><span style=\"color: #333333;\"><span style=\"color: #800000;\"><br \/>\n<em><br \/>\n<b>P <\/b><br \/>\n<\/em><br \/>\n<\/span><span style=\"font-weight: 400;\">roud<\/span> <span style=\"font-weight: 400;\">para encontrar estas joyas ocultas del vino ecol\u00f3gico espa\u00f1ol que merece la pena descubrir en todo el mundo. <\/span> <\/span><\/p>\n<p style=\"text-align: justify;\"><span style=\"color: #333333;\"><span style=\"color: #800000;\"><br \/>\n<em><br \/>\n<b>I <\/b><br \/>\n<\/em><br \/>\n<\/span><span style=\"font-weight: 400;\">nnovaci\u00f3n en la forma de hacer las cosas y <\/span> <\/span><\/p>\n<p style=\"text-align: justify;\"><span style=\"color: #333333;\"><span style=\"color: #800000;\"><br \/>\n<em><br \/>\n<b>E <\/b><br \/>\n<\/em><br \/>\n<\/span><span style=\"font-weight: 400;\">xperiencia en el mercado durante muchos a\u00f1os nos hace ir m\u00e1s all\u00e1 para encontrar aquellos <\/span> <\/span><\/p>\n<p style=\"text-align: justify;\"><span style=\"color: #333333;\"><strong><br \/>\n<em><br \/>\n<span style=\"color: #800000;\">N <\/span><br \/>\n<\/em><br \/>\n<\/strong><span style=\"font-weight: 400;\">on marcas tradicionales que el mundo adorar\u00e1 y que est\u00e1n causando impacto<\/span><\/span><\/p>\n<p style=\"text-align: justify;\"><span style=\"color: #333333;\"><em><br \/>\n<span style=\"color: #800000;\"><br \/>\n<b>S <\/b><br \/>\n<\/span><br \/>\n<\/em><span style=\"font-weight: 400;\">\u00a1\u00a1l cultivo sostenible en tierras espa\u00f1olas!! <\/span> <\/span>[\/vc_column_text][\/vc_column_inner][\/vc_row_inner][vc_empty_space height=\u00bb95px\u00bb][\/vc_column][vc_column width=\u00bb1\/4&#8243;][\/vc_column][\/vc_row][vc_row row_content_width=\u00bbgrid\u00bb css=\u00bb.vc_custom_1664350599249{margin-top: 80px !important;margin-bottom: 40px !important;background-image: url(https:\/\/winesapiens.com\/wp-content\/uploads\/2022\/03\/SLIDERS-WINE-SAPIENS.png?id=4732) !important;background-position: center !important;background-repeat: no-repeat !important;background-size: contain !important;}\u00bb][vc_column width=\u00bb1\/2&#8243;][vc_empty_space height=\u00bb30px\u00bb][vc_column_text css=\u00bb.vc_custom_1659347186690{padding-left: 20px !important;}\u00bb]<\/p>\n<h4><em><span style=\"color: #4f2e3a;\"><b>Y si has llegado hasta aqu\u00ed leyendo, quiz\u00e1 quieras saber algunas curiosidades sobre m\u00ed&#8230;<\/b><\/span><\/em><\/h4>\n<p>[\/vc_column_text][vc_empty_space height=\u00bb30px\u00bb]<div class=\"qodef-icon-list-item qodef-icon--icon-pack\" >\n\t<p class=\"qodef-e-title\" style=\"color: #383838\">\n\t\t\t<span class=\"qodef-e-title-inner\">\n\t\t\t\t<span class=\"qodef-shortcode qodef-m  qodef-icon-holder  qodef-layout--normal\"  style=\"color: #764735\">\t    <span class=\"qodef-icon-ionicons ion-ios-leaf qodef-icon qodef-e\" style=\"\" ><\/span>    <\/span>\t\t\t\t<span class=\"qodef-e-title-text\">Pocahontas siempre fue mi personaje de dibujos animados favorito y con el que me identificaba.<\/span>\n\t\t\t<\/span>\n\t\t<\/p>\n<\/div>[vc_empty_space height=\u00bb30px\u00bb]<div class=\"qodef-icon-list-item qodef-icon--icon-pack\" >\n\t<p class=\"qodef-e-title\" style=\"color: #383838\">\n\t\t\t<span class=\"qodef-e-title-inner\">\n\t\t\t\t<span class=\"qodef-shortcode qodef-m  qodef-icon-holder  qodef-layout--normal\"  style=\"color: #764735\">\t    <span class=\"qodef-icon-linea-icons icon-weather-capricorn qodef-icon qodef-e\" style=\"\" ><\/span>    <\/span>\t\t\t\t<span class=\"qodef-e-title-text\">Soy Capricornio: persistente, ambicioso, pr\u00e1ctico, disciplinado y un ``poco`` testarudo.<\/span>\n\t\t\t<\/span>\n\t\t<\/p>\n<\/div>[vc_empty_space height=\u00bb30px\u00bb]<div class=\"qodef-icon-list-item qodef-icon--icon-pack\" >\n\t<p class=\"qodef-e-title\" style=\"color: #383838\">\n\t\t\t<span class=\"qodef-e-title-inner\">\n\t\t\t\t<span class=\"qodef-shortcode qodef-m  qodef-icon-holder  qodef-layout--normal\"  style=\"color: #764735\">\t    <span class=\"qodef-icon-linea-icons icon-basic-book-pencil qodef-icon qodef-e\" style=\"\" ><\/span>    <\/span>\t\t\t\t<span class=\"qodef-e-title-text\">Estudi\u00e9 Relaciones Internacionales en el Reino Unido y he vivido en 4 pa\u00edses diferentes. Tambi\u00e9n hablo 4 idiomas, incluido el idioma universal del vino: el WSET.<\/span>\n\t\t\t<\/span>\n\t\t<\/p>\n<\/div>[vc_empty_space height=\u00bb30px\u00bb]<div class=\"qodef-icon-list-item qodef-icon--icon-pack\" >\n\t<p class=\"qodef-e-title\" style=\"color: #383838\">\n\t\t\t<span class=\"qodef-e-title-inner\">\n\t\t\t\t<span class=\"qodef-shortcode qodef-m  qodef-icon-holder  qodef-layout--normal\"  style=\"color: #764735\">\t    <span class=\"qodef-icon-linea-icons icon-music-tape qodef-icon qodef-e\" style=\"\" ><\/span>    <\/span>\t\t\t\t<span class=\"qodef-e-title-text\">Bailar NO es uno de mis puntos fuertes, pero despu\u00e9s de un par de copas de vino (ecol\u00f3gico), puedo hacer movimientos de Funky Robot bastante decentes.<\/span>\n\t\t\t<\/span>\n\t\t<\/p>\n<\/div>[vc_empty_space height=\u00bb60px\u00bb][\/vc_column][vc_column width=\u00bb1\/2&#8243; css=\u00bb.vc_custom_1659343229097{margin-left: 40px !important;}\u00bb][vc_empty_space height=\u00bb40px\u00bb][vc_single_image image=\u00bb6703&#8243; img_size=\u00bbfull\u00bb alignment=\u00bbright\u00bb css_animation=\u00bbright-to-left\u00bb css=\u00bb.vc_custom_1665573593474{padding-top: 0px !important;padding-right: 70px !important;padding-left: 50px !important;}\u00bb][vc_empty_space height=\u00bb82px\u00bb][\/vc_column][\/vc_row][vc_row css=\u00bb.vc_custom_1665321021957{background-image: url(https:\/\/winesapiens.com\/wp-content\/uploads\/2022\/10\/WINE-HUNTER-SPAIN-.png?id=6658) !important;background-position: center !important;background-repeat: no-repeat !important;background-size: cover !important;}\u00bb][vc_column][vc_empty_space height=\u00bb120px\u00bb][vc_row_inner][vc_column_inner width=\u00bb1\/4&#8243;][\/vc_column_inner][vc_column_inner width=\u00bb1\/2&#8243;][vc_column_text]<\/p>\n<h4 class=\"p1\" style=\"text-align: center;\"><em><span style=\"color: #ffffff;\"><b>Estoy convencido de que el vino es la creaci\u00f3n m\u00e1s bella que el ser humano ha hecho de la naturaleza&#8230;&#8230;<\/b><\/span><\/em><\/h4>\n<p>[\/vc_column_text][vc_empty_space height=\u00bb150px\u00bb][\/vc_column_inner][vc_column_inner width=\u00bb1\/4&#8243;][\/vc_column_inner][\/vc_row_inner][\/vc_column][\/vc_row]<\/p>\n","protected":false},"excerpt":{"rendered":"<p>[vc_row row_content_width=\u00bbgrid\u00bb css=\u00bb.vc_custom_1659348250635{margin-top: 70px !important;margin-bottom: 50px !important;background-image: url(https:\/\/winesapiens.com\/wp-content\/uploads\/2022\/03\/SLIDERS-WINE-SAPIENS.png?id=4732) !important;background-position: center !important;background-repeat: no-repeat !important;background-size: contain !important;}\u00bb][vc_column width=\u00bb1\/2&#8243; offset=\u00bbvc_hidden-xs\u00bb][vc_single_image image=\u00bb6643&#8243; img_size=\u00bblarge\u00bb alignment=\u00bbright\u00bb css=\u00bb.vc_custom_1665319575931{padding-top: 30px !important;padding-right: 50px !important;padding-left: 50px !important;}\u00bb][vc_empty_space height=\u00bb60px\u00bb][vc_column_text css=\u00bb.vc_custom_1667497849197{padding-left: 50px !important;}\u00bb] Ayudo a importadores como usted a descubrir vinos ecol\u00f3gicos espa\u00f1oles que encantar\u00e1n a sus clientes. [\/vc_column_text][vc_empty_space height=\u00bb20px\u00bb][vc_column_text css=\u00bb.vc_custom_1667498150844{margin-right: 60px !important;border-right-width: 60px !important;background-position: center !important;background-repeat: [&hellip;]<\/p>\n","protected":false},"author":1,"featured_media":0,"parent":0,"menu_order":0,"comment_status":"closed","ping_status":"closed","template":"page-full-width.php","meta":{"footnotes":""},"class_list":["post-7759","page","type-page","status-publish","hentry"],"yoast_head":"<!-- This site is optimized with the Yoast SEO plugin v16.3 - https:\/\/yoast.com\/wordpress\/plugins\/seo\/ -->\n<title>Historia - Wine Sapiens<\/title>\n<meta name=\"robots\" content=\"index, follow, max-snippet:-1, max-image-preview:large, max-video-preview:-1\" \/>\n<link rel=\"canonical\" href=\"https:\/\/winesapiens.com\/es\/historia\/\" \/>\n<meta property=\"og:locale\" content=\"es_ES\" \/>\n<meta property=\"og:type\" content=\"article\" \/>\n<meta property=\"og:title\" content=\"Historia - Wine Sapiens\" \/>\n<meta property=\"og:description\" content=\"[vc_row row_content_width=\u00bbgrid\u00bb css=\u00bb.vc_custom_1659348250635{margin-top: 70px !important;margin-bottom: 50px !important;background-image: url(https:\/\/winesapiens.com\/wp-content\/uploads\/2022\/03\/SLIDERS-WINE-SAPIENS.png?id=4732) !important;background-position: center !important;background-repeat: no-repeat !important;background-size: contain !important;}\u00bb][vc_column width=\u00bb1\/2&#8243; offset=\u00bbvc_hidden-xs\u00bb][vc_single_image image=\u00bb6643&#8243; img_size=\u00bblarge\u00bb alignment=\u00bbright\u00bb css=\u00bb.vc_custom_1665319575931{padding-top: 30px !important;padding-right: 50px !important;padding-left: 50px !important;}\u00bb][vc_empty_space height=\u00bb60px\u00bb][vc_column_text css=\u00bb.vc_custom_1667497849197{padding-left: 50px !important;}\u00bb] Ayudo a importadores como usted a descubrir vinos ecol\u00f3gicos espa\u00f1oles que encantar\u00e1n a sus clientes. [\/vc_column_text][vc_empty_space height=\u00bb20px\u00bb][vc_column_text css=\u00bb.vc_custom_1667498150844{margin-right: 60px !important;border-right-width: 60px !important;background-position: center !important;background-repeat: [&hellip;]\" \/>\n<meta property=\"og:url\" content=\"https:\/\/winesapiens.com\/es\/historia\/\" \/>\n<meta property=\"og:site_name\" content=\"Wine Sapiens\" \/>\n<meta property=\"article:modified_time\" content=\"2023-09-19T11:32:30+00:00\" \/>\n<meta name=\"twitter:card\" content=\"summary_large_image\" \/>\n<meta name=\"twitter:label1\" content=\"Tiempo de lectura\">\n\t<meta name=\"twitter:data1\" content=\"9 minutos\">\n<script type=\"application\/ld+json\" class=\"yoast-schema-graph\">{\"@context\":\"https:\/\/schema.org\",\"@graph\":[{\"@type\":\"WebSite\",\"@id\":\"https:\/\/winesapiens.com\/es\/#website\",\"url\":\"https:\/\/winesapiens.com\/es\/\",\"name\":\"Wine Sapiens\",\"description\":\"Helping importers find Spanish organic wines\",\"potentialAction\":[{\"@type\":\"SearchAction\",\"target\":\"https:\/\/winesapiens.com\/es\/?s={search_term_string}\",\"query-input\":\"required name=search_term_string\"}],\"inLanguage\":\"es\"},{\"@type\":\"WebPage\",\"@id\":\"https:\/\/winesapiens.com\/es\/historia\/#webpage\",\"url\":\"https:\/\/winesapiens.com\/es\/historia\/\",\"name\":\"Historia - Wine Sapiens\",\"isPartOf\":{\"@id\":\"https:\/\/winesapiens.com\/es\/#website\"},\"datePublished\":\"2019-09-04T11:57:43+00:00\",\"dateModified\":\"2023-09-19T11:32:30+00:00\",\"breadcrumb\":{\"@id\":\"https:\/\/winesapiens.com\/es\/historia\/#breadcrumb\"},\"inLanguage\":\"es\",\"potentialAction\":[{\"@type\":\"ReadAction\",\"target\":[\"https:\/\/winesapiens.com\/es\/historia\/\"]}]},{\"@type\":\"BreadcrumbList\",\"@id\":\"https:\/\/winesapiens.com\/es\/historia\/#breadcrumb\",\"itemListElement\":[{\"@type\":\"ListItem\",\"position\":1,\"item\":{\"@type\":\"WebPage\",\"@id\":\"https:\/\/winesapiens.com\/es\/\",\"url\":\"https:\/\/winesapiens.com\/es\/\",\"name\":\"Home\"}},{\"@type\":\"ListItem\",\"position\":2,\"item\":{\"@id\":\"https:\/\/winesapiens.com\/es\/historia\/#webpage\"}}]}]}<\/script>\n<!-- \/ Yoast SEO plugin. -->","_links":{"self":[{"href":"https:\/\/winesapiens.com\/es\/wp-json\/wp\/v2\/pages\/7759","targetHints":{"allow":["GET"]}}],"collection":[{"href":"https:\/\/winesapiens.com\/es\/wp-json\/wp\/v2\/pages"}],"about":[{"href":"https:\/\/winesapiens.com\/es\/wp-json\/wp\/v2\/types\/page"}],"author":[{"embeddable":true,"href":"https:\/\/winesapiens.com\/es\/wp-json\/wp\/v2\/users\/1"}],"replies":[{"embeddable":true,"href":"https:\/\/winesapiens.com\/es\/wp-json\/wp\/v2\/comments?post=7759"}],"version-history":[{"count":3,"href":"https:\/\/winesapiens.com\/es\/wp-json\/wp\/v2\/pages\/7759\/revisions"}],"predecessor-version":[{"id":7808,"href":"https:\/\/winesapiens.com\/es\/wp-json\/wp\/v2\/pages\/7759\/revisions\/7808"}],"wp:attachment":[{"href":"https:\/\/winesapiens.com\/es\/wp-json\/wp\/v2\/media?parent=7759"}],"curies":[{"name":"wp","href":"https:\/\/api.w.org\/{rel}","templated":true}]}}